{"id":2,"date":"2024-12-16T10:58:34","date_gmt":"2024-12-16T09:58:34","guid":{"rendered":"http:\/\/anton-wiggermann.de\/?page_id=2"},"modified":"2025-11-19T14:28:22","modified_gmt":"2025-11-19T13:28:22","slug":"beispiel-seite","status":"publish","type":"page","link":"https:\/\/anton-wiggermann.de\/","title":{"rendered":"Aktuelles"},"content":{"rendered":"\n<div class=\"wp-block-columns is-not-stacked-on-mobile has-large-font-size is-layout-flex wp-container-core-columns-is-layout-28f84493 wp-block-columns-is-layout-flex\">\n<div class=\"wp-block-column is-layout-flow wp-block-column-is-layout-flow\" style=\"flex-basis:25%\">\n<p>29. Nov. 2025<\/p>\n\n\n\n<p>16:00 &#8211; 18:30<\/p>\n<\/div>\n\n\n\n<div class=\"wp-block-column is-layout-flow wp-block-column-is-layout-flow\" style=\"flex-basis:50%\">\n<p>Unsere Schule leuchtet<\/p>\n<\/div>\n\n\n\n<div class=\"wp-block-column is-layout-flow wp-block-column-is-layout-flow\" style=\"flex-basis:25%\"><\/div>\n<\/div>\n\n\n\n<div class=\"wp-block-columns is-layout-flex wp-container-core-columns-is-layout-28f84493 wp-block-columns-is-layout-flex\">\n<div class=\"wp-block-column is-layout-flow wp-block-column-is-layout-flow\" style=\"flex-basis:25%\">\n<p>03. Mai 2025<\/p>\n<\/div>\n\n\n\n<div class=\"wp-block-column is-layout-flow wp-block-column-is-layout-flow\" style=\"flex-basis:50%\">\n<p>Fr\u00fchlingsfest und Flohmarkt in Stuckenbusch<\/p>\n<\/div>\n\n\n\n<div class=\"wp-block-column is-layout-flow wp-block-column-is-layout-flow\" style=\"flex-basis:25%\">\n<figure class=\"wp-block-image size-large\"><img loading=\"lazy\" decoding=\"async\" width=\"729\" height=\"1024\" src=\"https:\/\/anton-wiggermann.de\/wp-content\/uploads\/2025\/04\/IMG_3688-1-729x1024.jpeg\" alt=\"\" class=\"wp-image-83\" srcset=\"https:\/\/anton-wiggermann.de\/wp-content\/uploads\/2025\/04\/IMG_3688-1-729x1024.jpeg 729w, https:\/\/anton-wiggermann.de\/wp-content\/uploads\/2025\/04\/IMG_3688-1-214x300.jpeg 214w, https:\/\/anton-wiggermann.de\/wp-content\/uploads\/2025\/04\/IMG_3688-1-768x1079.jpeg 768w, https:\/\/anton-wiggermann.de\/wp-content\/uploads\/2025\/04\/IMG_3688-1.jpeg 1026w\" sizes=\"auto, (max-width: 729px) 100vw, 729px\" \/><\/figure>\n<\/div>\n<\/div>\n\n\n\n<div class=\"wp-block-columns is-not-stacked-on-mobile has-large-font-size is-layout-flex wp-container-core-columns-is-layout-28f84493 wp-block-columns-is-layout-flex\">\n<div class=\"wp-block-column is-layout-flow wp-block-column-is-layout-flow\" style=\"flex-basis:25%\">\n<p>30.Nov 2024<\/p>\n\n\n\n<p>16:00 &#8211; 18:30<\/p>\n<\/div>\n\n\n\n<div class=\"wp-block-column is-layout-flow wp-block-column-is-layout-flow\" style=\"flex-basis:50%\">\n<p>Unsere Schule leuchtet<\/p>\n<\/div>\n\n\n\n<div class=\"wp-block-column is-layout-flow wp-block-column-is-layout-flow\" style=\"flex-basis:25%\">\n<figure class=\"wp-block-image size-full\"><img loading=\"lazy\" decoding=\"async\" width=\"600\" height=\"839\" src=\"https:\/\/anton-wiggermann.de\/wp-content\/uploads\/2024\/12\/IMG_2933.jpeg\" alt=\"\" class=\"wp-image-11\" srcset=\"https:\/\/anton-wiggermann.de\/wp-content\/uploads\/2024\/12\/IMG_2933.jpeg 600w, https:\/\/anton-wiggermann.de\/wp-content\/uploads\/2024\/12\/IMG_2933-215x300.jpeg 215w\" sizes=\"auto, (max-width: 600px) 100vw, 600px\" \/><\/figure>\n<\/div>\n<\/div>\n\n\n\n<div class=\"wp-block-columns is-not-stacked-on-mobile has-large-font-size is-layout-flex wp-container-core-columns-is-layout-28f84493 wp-block-columns-is-layout-flex\">\n<div class=\"wp-block-column is-layout-flow wp-block-column-is-layout-flow\" style=\"flex-basis:25%\">\n<p>22. M\u00e4rz 2023<\/p>\n<\/div>\n\n\n\n<div class=\"wp-block-column is-layout-flow wp-block-column-is-layout-flow\" style=\"flex-basis:50%\">\n<p>Die 3. und 4. Klassen haben  tatkr\u00e4ftig daf\u00fcr gesorgt, dass Hochlar und Stuckenbusch wieder ein bisschen sauberer wird.<\/p>\n\n\n\n<p>Vielen Dank an die flei\u00dfigen Sch\u00fcler!<\/p>\n<\/div>\n\n\n\n<div class=\"wp-block-column is-layout-flow wp-block-column-is-layout-flow\" style=\"flex-basis:25%\">\n<figure class=\"wp-block-image size-full\"><img loading=\"lazy\" decoding=\"async\" width=\"542\" height=\"408\" src=\"https:\/\/anton-wiggermann.de\/wp-content\/uploads\/2024\/12\/3cd066_476cae80702849eaa67ac74569f125b7mv2.jpeg\" alt=\"\" class=\"wp-image-16\" srcset=\"https:\/\/anton-wiggermann.de\/wp-content\/uploads\/2024\/12\/3cd066_476cae80702849eaa67ac74569f125b7mv2.jpeg 542w, https:\/\/anton-wiggermann.de\/wp-content\/uploads\/2024\/12\/3cd066_476cae80702849eaa67ac74569f125b7mv2-300x226.jpeg 300w\" sizes=\"auto, (max-width: 542px) 100vw, 542px\" \/><\/figure>\n<\/div>\n<\/div>\n\n\n\n<div class=\"wp-block-columns is-not-stacked-on-mobile has-large-font-size is-layout-flex wp-container-core-columns-is-layout-28f84493 wp-block-columns-is-layout-flex\">\n<div class=\"wp-block-column is-layout-flow wp-block-column-is-layout-flow\" style=\"flex-basis:25%\">\n<p>14.Dez 2022<\/p>\n<\/div>\n\n\n\n<div class=\"wp-block-column is-layout-flow wp-block-column-is-layout-flow\" style=\"flex-basis:50%\">\n<p>Die Sch\u00fcler aus Hochlar und Stuckenbusch haben sich auf den Weg gemacht, um gemeinsam in der St. Franziskus Kirche einen adventlichen Gottesdienst zu feiern.<\/p>\n<\/div>\n\n\n\n<div class=\"wp-block-column is-layout-flow wp-block-column-is-layout-flow\" style=\"flex-basis:25%\">\n<figure class=\"wp-block-image size-full\"><img loading=\"lazy\" decoding=\"async\" width=\"1200\" height=\"900\" src=\"https:\/\/anton-wiggermann.de\/wp-content\/uploads\/2024\/12\/00C15139-144F-4B97-8401-A26ACA5DF4C7_heic.png.jpeg\" alt=\"\" class=\"wp-image-17\" srcset=\"https:\/\/anton-wiggermann.de\/wp-content\/uploads\/2024\/12\/00C15139-144F-4B97-8401-A26ACA5DF4C7_heic.png.jpeg 1200w, https:\/\/anton-wiggermann.de\/wp-content\/uploads\/2024\/12\/00C15139-144F-4B97-8401-A26ACA5DF4C7_heic.png-300x225.jpeg 300w, https:\/\/anton-wiggermann.de\/wp-content\/uploads\/2024\/12\/00C15139-144F-4B97-8401-A26ACA5DF4C7_heic.png-1024x768.jpeg 1024w, https:\/\/anton-wiggermann.de\/wp-content\/uploads\/2024\/12\/00C15139-144F-4B97-8401-A26ACA5DF4C7_heic.png-768x576.jpeg 768w\" sizes=\"auto, (max-width: 1200px) 100vw, 1200px\" \/><\/figure>\n<\/div>\n<\/div>\n\n\n\n<div class=\"wp-block-columns is-layout-flex wp-container-core-columns-is-layout-28f84493 wp-block-columns-is-layout-flex\">\n<div class=\"wp-block-column is-layout-flow wp-block-column-is-layout-flow\"><\/div>\n\n\n\n<div class=\"wp-block-column is-layout-flow wp-block-column-is-layout-flow\"><\/div>\n\n\n\n<div class=\"wp-block-column is-layout-flow wp-block-column-is-layout-flow\"><\/div>\n<\/div>\n\n\n\n<p><\/p>\n","protected":false},"excerpt":{"rendered":"<p>29. Nov. 2025 16:00 &#8211; 18:30 Unsere Schule leuchtet 03. Mai 2025 Fr\u00fchlingsfest und Flohmarkt in Stuckenbusch 30.Nov 2024 16:00 &#8211; 18:30 Unsere Schule leuchtet 22. M\u00e4rz 2023 Die 3. und 4. Klassen haben tatkr\u00e4ftig daf\u00fcr gesorgt, dass Hochlar und Stuckenbusch wieder ein bisschen sauberer wird. Vielen Dank an die flei\u00dfigen Sch\u00fcler! 14.Dez 2022 Die [&hellip;]<\/p>\n","protected":false},"author":1,"featured_media":0,"parent":0,"menu_order":0,"comment_status":"closed","ping_status":"open","template":"","meta":{"_acf_changed":false,"footnotes":""},"class_list":["post-2","page","type-page","status-publish","hentry"],"acf":[],"_links":{"self":[{"href":"https:\/\/anton-wiggermann.de\/index.php?rest_route=\/wp\/v2\/pages\/2","targetHints":{"allow":["GET"]}}],"collection":[{"href":"https:\/\/anton-wiggermann.de\/index.php?rest_route=\/wp\/v2\/pages"}],"about":[{"href":"https:\/\/anton-wiggermann.de\/index.php?rest_route=\/wp\/v2\/types\/page"}],"author":[{"embeddable":true,"href":"https:\/\/anton-wiggermann.de\/index.php?rest_route=\/wp\/v2\/users\/1"}],"replies":[{"embeddable":true,"href":"https:\/\/anton-wiggermann.de\/index.php?rest_route=%2Fwp%2Fv2%2Fcomments&post=2"}],"version-history":[{"count":6,"href":"https:\/\/anton-wiggermann.de\/index.php?rest_route=\/wp\/v2\/pages\/2\/revisions"}],"predecessor-version":[{"id":133,"href":"https:\/\/anton-wiggermann.de\/index.php?rest_route=\/wp\/v2\/pages\/2\/revisions\/133"}],"wp:attachment":[{"href":"https:\/\/anton-wiggermann.de\/index.php?rest_route=%2Fwp%2Fv2%2Fmedia&parent=2"}],"curies":[{"name":"wp","href":"https:\/\/api.w.org\/{rel}","templated":true}]}}