{"id":34,"date":"2024-12-17T09:15:40","date_gmt":"2024-12-17T08:15:40","guid":{"rendered":"https:\/\/anton-wiggermann.de\/?page_id=34"},"modified":"2026-02-11T13:06:45","modified_gmt":"2026-02-11T12:06:45","slug":"ganztag","status":"publish","type":"page","link":"https:\/\/anton-wiggermann.de\/?page_id=34","title":{"rendered":"Ganztag"},"content":{"rendered":"\n<p>Seit dem Schuljahr 2003\/04 besteht an der Anton Wiggermann-Schule in Kooperation mit der Arbeiterwohlfahrt der offene Ganztag. Die OGS bietet von Montag bis Freitag, erg\u00e4nzend zum Unterricht, von 11.30 -16.00 Uhr ein breites Angebot von Arbeitsgemeinschaften, Projekten und individueller F\u00f6rderung an, mit dem Ziel, die kognitiven, motorischen, kreativen, musischen und insbesondere die sozialen Kompetenzen eines jeden Kindes weiterzuentwickeln. Die F\u00f6rderung erfolgt spielerisch und motivierend.<\/p>\n\n\n\n<p>Eine gute Zusammenarbeit mit den Elternh\u00e4usern ist allen Mitarbeiter*innen der OGS ein wichtiges Anliegen. Unser Ziel ist es, \u00fcber Elternabende, Tage der offenen T\u00fcr und andere Veranstaltungen den Eltern und Erziehungsberechtigten einen Einblick in die p\u00e4dagogische Arbeit zu erm\u00f6glichen und die Grundlage f\u00fcr eine vertrauensvolle Zusammenarbeit zu schaffen. <\/p>\n\n\n\n<p>Auch in den Ferien ist die Betreuung der Kinder sichergestellt. Die Kinder werden an einer der sechs Grundschulen, an denen die AWO-Tr\u00e4ger des \u201eOffenen Ganztages\u201c ist, gemeinsam betreut. An den beweglichen Ferientagen ist die OGS geschlossen.<\/p>\n\n\n\n<p><\/p>\n","protected":false},"excerpt":{"rendered":"<p>Seit dem Schuljahr 2003\/04 besteht an der Anton Wiggermann-Schule in Kooperation mit der Arbeiterwohlfahrt der offene Ganztag. Die OGS bietet von Montag bis Freitag, erg\u00e4nzend zum Unterricht, von 11.30 -16.00 Uhr ein breites Angebot von Arbeitsgemeinschaften, Projekten und individueller F\u00f6rderung an, mit dem Ziel, die kognitiven, motorischen, kreativen, musischen und insbesondere die sozialen Kompetenzen eines [&hellip;]<\/p>\n","protected":false},"author":1,"featured_media":0,"parent":0,"menu_order":0,"comment_status":"closed","ping_status":"closed","template":"","meta":{"_acf_changed":false,"footnotes":""},"class_list":["post-34","page","type-page","status-publish","hentry"],"acf":[],"_links":{"self":[{"href":"https:\/\/anton-wiggermann.de\/index.php?rest_route=\/wp\/v2\/pages\/34","targetHints":{"allow":["GET"]}}],"collection":[{"href":"https:\/\/anton-wiggermann.de\/index.php?rest_route=\/wp\/v2\/pages"}],"about":[{"href":"https:\/\/anton-wiggermann.de\/index.php?rest_route=\/wp\/v2\/types\/page"}],"author":[{"embeddable":true,"href":"https:\/\/anton-wiggermann.de\/index.php?rest_route=\/wp\/v2\/users\/1"}],"replies":[{"embeddable":true,"href":"https:\/\/anton-wiggermann.de\/index.php?rest_route=%2Fwp%2Fv2%2Fcomments&post=34"}],"version-history":[{"count":4,"href":"https:\/\/anton-wiggermann.de\/index.php?rest_route=\/wp\/v2\/pages\/34\/revisions"}],"predecessor-version":[{"id":123,"href":"https:\/\/anton-wiggermann.de\/index.php?rest_route=\/wp\/v2\/pages\/34\/revisions\/123"}],"wp:attachment":[{"href":"https:\/\/anton-wiggermann.de\/index.php?rest_route=%2Fwp%2Fv2%2Fmedia&parent=34"}],"curies":[{"name":"wp","href":"https:\/\/api.w.org\/{rel}","templated":true}]}}